{"id":52,"date":"2023-12-04T18:37:14","date_gmt":"2023-12-04T21:37:14","guid":{"rendered":"https:\/\/proconsultprestomed.com.br\/?page_id=52"},"modified":"2024-09-02T14:26:24","modified_gmt":"2024-09-02T17:26:24","slug":"quem-somos","status":"publish","type":"page","link":"https:\/\/proconsultprestomed.com.br\/index.php\/quem-somos\/","title":{"rendered":"Quem somos"},"content":{"rendered":"\t\t<div data-elementor-type=\"wp-page\" data-elementor-id=\"52\" class=\"elementor elementor-52\" data-elementor-post-type=\"page\">\n\t\t\t\t<div class=\"elementor-element elementor-element-7d9298b0 e-con-full e-flex e-con e-parent\" data-id=\"7d9298b0\" data-element_type=\"container\" data-settings=\"{&quot;background_background&quot;:&quot;classic&quot;}\">\n\t\t\t\t<div class=\"elementor-element elementor-element-25a9f7c6 elementor-widget elementor-widget-heading\" data-id=\"25a9f7c6\" data-element_type=\"widget\" data-widget_type=\"heading.default\">\n\t\t\t\t<div class=\"elementor-widget-container\">\n\t\t\t\t\t<h1 class=\"elementor-heading-title elementor-size-default\">Acreditamos<br>no Valor das<br>Pessoas<\/h1>\t\t\t\t<\/div>\n\t\t\t\t<\/div>\n\t\t\t\t<div class=\"elementor-element elementor-element-3fbc2977 elementor-widget__width-initial elementor-widget-mobile__width-inherit elementor-widget elementor-widget-text-editor\" data-id=\"3fbc2977\" data-element_type=\"widget\" data-widget_type=\"text-editor.default\">\n\t\t\t\t<div class=\"elementor-widget-container\">\n\t\t\t\t\t\t\t\t\t<p>H\u00e1 mais de 30 anos cuidando da sua sa\u00fade<\/p>\t\t\t\t\t\t\t\t<\/div>\n\t\t\t\t<\/div>\n\t\t\t\t<div class=\"elementor-element elementor-element-3bc20834 elementor-mobile-align-center elementor-widget elementor-widget-button\" data-id=\"3bc20834\" data-element_type=\"widget\" data-widget_type=\"button.default\">\n\t\t\t\t<div class=\"elementor-widget-container\">\n\t\t\t\t\t\t\t\t\t<div class=\"elementor-button-wrapper\">\n\t\t\t\t\t<a class=\"elementor-button elementor-button-link elementor-size-sm\" href=\"https:\/\/wa.me\/5512996412184\" target=\"_blank\">\n\t\t\t\t\t\t<span class=\"elementor-button-content-wrapper\">\n\t\t\t\t\t\t\t\t\t<span class=\"elementor-button-text\">CONVERSE COM NOSSA EQUIPE<\/span>\n\t\t\t\t\t<\/span>\n\t\t\t\t\t<\/a>\n\t\t\t\t<\/div>\n\t\t\t\t\t\t\t\t<\/div>\n\t\t\t\t<\/div>\n\t\t\t\t<\/div>\n\t\t<div class=\"elementor-element elementor-element-7a911bbb e-con-full e-flex e-con e-parent\" data-id=\"7a911bbb\" data-element_type=\"container\" id=\"next\">\n\t\t\t\t<div class=\"elementor-element elementor-element-252ab5b7 elementor-widget elementor-widget-heading\" data-id=\"252ab5b7\" data-element_type=\"widget\" data-widget_type=\"heading.default\">\n\t\t\t\t<div class=\"elementor-widget-container\">\n\t\t\t\t\t<h3 class=\"elementor-heading-title elementor-size-default\">VALORES QUE NOS MOVEM<\/h3>\t\t\t\t<\/div>\n\t\t\t\t<\/div>\n\t\t<div class=\"elementor-element elementor-element-19255e96 e-con-full e-flex e-con e-child\" data-id=\"19255e96\" data-element_type=\"container\">\n\t\t<div class=\"elementor-element elementor-element-65b8078e e-con-full e-flex e-con e-child\" data-id=\"65b8078e\" data-element_type=\"container\">\n\t\t\t\t<div class=\"elementor-element elementor-element-54301d59 elementor-widget__width-auto elementor-widget-mobile__width-inherit elementor-invisible elementor-widget elementor-widget-heading\" data-id=\"54301d59\" data-element_type=\"widget\" data-settings=\"{&quot;_animation&quot;:&quot;fadeInRight&quot;}\" data-widget_type=\"heading.default\">\n\t\t\t\t<div class=\"elementor-widget-container\">\n\t\t\t\t\t<p class=\"elementor-heading-title elementor-size-default\">01<\/p>\t\t\t\t<\/div>\n\t\t\t\t<\/div>\n\t\t\t\t<div class=\"elementor-element elementor-element-76368bf3 elementor-widget__width-initial elementor-widget-tablet__width-initial elementor-widget-mobile__width-inherit elementor-widget elementor-widget-icon-box\" data-id=\"76368bf3\" data-element_type=\"widget\" data-widget_type=\"icon-box.default\">\n\t\t\t\t<div class=\"elementor-widget-container\">\n\t\t\t\t\t\t\t<div class=\"elementor-icon-box-wrapper\">\n\n\t\t\t\n\t\t\t\t\t\t<div class=\"elementor-icon-box-content\">\n\n\t\t\t\t\t\t\t\t\t<h4 class=\"elementor-icon-box-title\">\n\t\t\t\t\t\t<span  >\n\t\t\t\t\t\t\tMiss\u00e3o\t\t\t\t\t\t<\/span>\n\t\t\t\t\t<\/h4>\n\t\t\t\t\n\t\t\t\t\t\t\t\t\t<p class=\"elementor-icon-box-description\">\n\t\t\t\t\t\tOferecer atendimento humanizado\t\t\t\t\t<\/p>\n\t\t\t\t\n\t\t\t<\/div>\n\t\t\t\n\t\t<\/div>\n\t\t\t\t\t\t<\/div>\n\t\t\t\t<\/div>\n\t\t\t\t<\/div>\n\t\t<div class=\"elementor-element elementor-element-393d6b53 e-con-full e-flex e-con e-child\" data-id=\"393d6b53\" data-element_type=\"container\">\n\t\t\t\t<div class=\"elementor-element elementor-element-70be2649 elementor-widget__width-auto elementor-widget-mobile__width-inherit elementor-invisible elementor-widget elementor-widget-heading\" data-id=\"70be2649\" data-element_type=\"widget\" data-settings=\"{&quot;_animation&quot;:&quot;fadeInRight&quot;}\" data-widget_type=\"heading.default\">\n\t\t\t\t<div class=\"elementor-widget-container\">\n\t\t\t\t\t<p class=\"elementor-heading-title elementor-size-default\">02<\/p>\t\t\t\t<\/div>\n\t\t\t\t<\/div>\n\t\t\t\t<div class=\"elementor-element elementor-element-1cf3a2cc elementor-widget__width-initial elementor-widget-tablet__width-initial elementor-widget-mobile__width-inherit elementor-widget elementor-widget-icon-box\" data-id=\"1cf3a2cc\" data-element_type=\"widget\" data-widget_type=\"icon-box.default\">\n\t\t\t\t<div class=\"elementor-widget-container\">\n\t\t\t\t\t\t\t<div class=\"elementor-icon-box-wrapper\">\n\n\t\t\t\n\t\t\t\t\t\t<div class=\"elementor-icon-box-content\">\n\n\t\t\t\t\t\t\t\t\t<h4 class=\"elementor-icon-box-title\">\n\t\t\t\t\t\t<span  >\n\t\t\t\t\t\t\tVis\u00e3o\t\t\t\t\t\t<\/span>\n\t\t\t\t\t<\/h4>\n\t\t\t\t\n\t\t\t\t\t\t\t\t\t<p class=\"elementor-icon-box-description\">\n\t\t\t\t\t\tSer refer\u00eancia de sa\u00fade em nossa regi\u00e3o\t\t\t\t\t<\/p>\n\t\t\t\t\n\t\t\t<\/div>\n\t\t\t\n\t\t<\/div>\n\t\t\t\t\t\t<\/div>\n\t\t\t\t<\/div>\n\t\t\t\t<\/div>\n\t\t<div class=\"elementor-element elementor-element-17834aa2 e-con-full e-flex e-con e-child\" data-id=\"17834aa2\" data-element_type=\"container\">\n\t\t\t\t<div class=\"elementor-element elementor-element-34d75c59 elementor-widget__width-auto elementor-widget-mobile__width-inherit elementor-invisible elementor-widget elementor-widget-heading\" data-id=\"34d75c59\" data-element_type=\"widget\" data-settings=\"{&quot;_animation&quot;:&quot;fadeInRight&quot;}\" data-widget_type=\"heading.default\">\n\t\t\t\t<div class=\"elementor-widget-container\">\n\t\t\t\t\t<p class=\"elementor-heading-title elementor-size-default\">03<\/p>\t\t\t\t<\/div>\n\t\t\t\t<\/div>\n\t\t\t\t<div class=\"elementor-element elementor-element-62db3e2f elementor-widget__width-initial elementor-widget-tablet__width-initial elementor-widget-mobile__width-inherit elementor-widget elementor-widget-icon-box\" data-id=\"62db3e2f\" data-element_type=\"widget\" data-widget_type=\"icon-box.default\">\n\t\t\t\t<div class=\"elementor-widget-container\">\n\t\t\t\t\t\t\t<div class=\"elementor-icon-box-wrapper\">\n\n\t\t\t\n\t\t\t\t\t\t<div class=\"elementor-icon-box-content\">\n\n\t\t\t\t\t\t\t\t\t<h4 class=\"elementor-icon-box-title\">\n\t\t\t\t\t\t<span  >\n\t\t\t\t\t\t\tValores\t\t\t\t\t\t<\/span>\n\t\t\t\t\t<\/h4>\n\t\t\t\t\n\t\t\t\t\t\t\t\t\t<p class=\"elementor-icon-box-description\">\n\t\t\t\t\t\t_ Empatia<br>\n- Respeito<br>\n- \u00c9tica\t\t\t\t\t<\/p>\n\t\t\t\t\n\t\t\t<\/div>\n\t\t\t\n\t\t<\/div>\n\t\t\t\t\t\t<\/div>\n\t\t\t\t<\/div>\n\t\t\t\t<\/div>\n\t\t\t\t<\/div>\n\t\t\t\t<\/div>\n\t\t<div class=\"elementor-element elementor-element-6327c37c e-con-full e-flex e-con e-parent\" data-id=\"6327c37c\" data-element_type=\"container\" data-settings=\"{&quot;background_background&quot;:&quot;slideshow&quot;,&quot;background_slideshow_gallery&quot;:[{&quot;id&quot;:107,&quot;url&quot;:&quot;http:\\\/\\\/proconsultprestomed.com.br\\\/wp-content\\\/uploads\\\/2023\\\/12\\\/mao-de-doutor-tranquilizando-dela-femininas-paciente.jpg&quot;},{&quot;id&quot;:108,&quot;url&quot;:&quot;http:\\\/\\\/proconsultprestomed.com.br\\\/wp-content\\\/uploads\\\/2023\\\/12\\\/doutor-femea-amigavel-que-guarda-a-mao-do-paciente-femea-para-o-incentivo-e-a-empatia.jpg&quot;},{&quot;id&quot;:109,&quot;url&quot;:&quot;http:\\\/\\\/proconsultprestomed.com.br\\\/wp-content\\\/uploads\\\/2023\\\/12\\\/cirurgia-da-coluna-vertebral-grupo-de-cirurgioes-na-sala-de-cirurgia-com-equipamento-cirurgico.jpg&quot;}],&quot;background_slideshow_slide_duration&quot;:3000,&quot;background_slideshow_ken_burns&quot;:&quot;yes&quot;,&quot;background_slideshow_ken_burns_zoom_direction&quot;:&quot;out&quot;,&quot;background_slideshow_loop&quot;:&quot;yes&quot;,&quot;background_slideshow_slide_transition&quot;:&quot;fade&quot;,&quot;background_slideshow_transition_duration&quot;:500}\">\n\t\t\t\t<div class=\"elementor-element elementor-element-681f74c4 elementor-widget elementor-widget-heading\" data-id=\"681f74c4\" data-element_type=\"widget\" data-widget_type=\"heading.default\">\n\t\t\t\t<div class=\"elementor-widget-container\">\n\t\t\t\t\t<h2 class=\"elementor-heading-title elementor-size-default\">quem somos<\/h2>\t\t\t\t<\/div>\n\t\t\t\t<\/div>\n\t\t\t\t<div class=\"elementor-element elementor-element-55d80e3d elementor-widget__width-initial elementor-widget-mobile__width-inherit elementor-widget elementor-widget-text-editor\" data-id=\"55d80e3d\" data-element_type=\"widget\" data-widget_type=\"text-editor.default\">\n\t\t\t\t<div class=\"elementor-widget-container\">\n\t\t\t\t\t\t\t\t\t<p>A <strong>PRESTOMED<\/strong> \u00e9 uma empresa que atua h\u00e1 30 anos em S\u00e3o Jos\u00e9 dos Campos e regi\u00e3o no setor de Medicina Ocupacional.<\/p><p>O <strong>PR\u00d3-CONSULT tem como objetivo facilitar o acesso dos usu\u00e1rios a atendimentos por m\u00e9dicos<\/strong> referenciados, com presteza e qualidade, possibilitando, n\u00e3o s\u00f3 o agendamento de consultas com rapidez e agilidade, como tamb\u00e9m facilitando a realiza\u00e7\u00e3o de exames laboratoriais, radiol\u00f3gicos e outros procedimentos m\u00e9dicos.<\/p><p><strong>Tudo isso com valores reduzidos e com atendimentos nas melhores cl\u00ednicas da regi\u00e3o<\/strong>. Sempre contando com nosso acompanhamento direto, desde o in\u00edcio do atendimento at\u00e9 o final de todos os processos.<\/p><p>Prezamos pela facilidade no agendamento com um atendimento online, sem filas e sem burocracia.<\/p>\t\t\t\t\t\t\t\t<\/div>\n\t\t\t\t<\/div>\n\t\t\t\t<div class=\"elementor-element elementor-element-4255bae4 elementor-mobile-align-center elementor-widget elementor-widget-button\" data-id=\"4255bae4\" data-element_type=\"widget\" data-widget_type=\"button.default\">\n\t\t\t\t<div class=\"elementor-widget-container\">\n\t\t\t\t\t\t\t\t\t<div class=\"elementor-button-wrapper\">\n\t\t\t\t\t<a class=\"elementor-button elementor-button-link elementor-size-sm\" href=\"https:\/\/wa.me\/5512996412184\" target=\"_blank\">\n\t\t\t\t\t\t<span class=\"elementor-button-content-wrapper\">\n\t\t\t\t\t\t\t\t\t<span class=\"elementor-button-text\">AGENDE SUA CONSULTA<\/span>\n\t\t\t\t\t<\/span>\n\t\t\t\t\t<\/a>\n\t\t\t\t<\/div>\n\t\t\t\t\t\t\t\t<\/div>\n\t\t\t\t<\/div>\n\t\t\t\t<\/div>\n\t\t<div class=\"elementor-element elementor-element-31f70c3c e-con-full e-flex e-con e-parent\" data-id=\"31f70c3c\" data-element_type=\"container\" data-settings=\"{&quot;background_background&quot;:&quot;classic&quot;}\">\n\t\t<div class=\"elementor-element elementor-element-16957ccc e-con-full e-flex e-con e-child\" data-id=\"16957ccc\" data-element_type=\"container\">\n\t\t<div class=\"elementor-element elementor-element-57dadde6 e-con-full e-flex e-con e-child\" data-id=\"57dadde6\" data-element_type=\"container\">\n\t\t\t\t<div class=\"elementor-element elementor-element-563a2911 elementor-widget elementor-widget-image\" data-id=\"563a2911\" data-element_type=\"widget\" data-widget_type=\"image.default\">\n\t\t\t\t<div class=\"elementor-widget-container\">\n\t\t\t\t\t\t\t\t\t\t\t\t\t\t\t<img fetchpriority=\"high\" decoding=\"async\" width=\"1500\" height=\"1000\" src=\"https:\/\/proconsultprestomed.com.br\/wp-content\/uploads\/2023\/12\/homem-sorridente-usando-smartphone-moderno-1.jpg\" class=\"attachment-full size-full wp-image-123\" alt=\"\" srcset=\"https:\/\/proconsultprestomed.com.br\/wp-content\/uploads\/2023\/12\/homem-sorridente-usando-smartphone-moderno-1.jpg 1500w, https:\/\/proconsultprestomed.com.br\/wp-content\/uploads\/2023\/12\/homem-sorridente-usando-smartphone-moderno-1-300x200.jpg 300w, https:\/\/proconsultprestomed.com.br\/wp-content\/uploads\/2023\/12\/homem-sorridente-usando-smartphone-moderno-1-1024x683.jpg 1024w, https:\/\/proconsultprestomed.com.br\/wp-content\/uploads\/2023\/12\/homem-sorridente-usando-smartphone-moderno-1-768x512.jpg 768w\" sizes=\"(max-width: 1500px) 100vw, 1500px\" \/>\t\t\t\t\t\t\t\t\t\t\t\t\t\t\t<\/div>\n\t\t\t\t<\/div>\n\t\t\t\t<div class=\"elementor-element elementor-element-545d5110 elementor-invisible elementor-widget elementor-widget-image-box\" data-id=\"545d5110\" data-element_type=\"widget\" data-settings=\"{&quot;_animation&quot;:&quot;fadeInDown&quot;}\" data-widget_type=\"image-box.default\">\n\t\t\t\t<div class=\"elementor-widget-container\">\n\t\t\t\t\t<div class=\"elementor-image-box-wrapper\"><div class=\"elementor-image-box-content\"><h4 class=\"elementor-image-box-title\">FA\u00c7A SEU CADASTRO<\/h4><p class=\"elementor-image-box-description\">Fa\u00e7a seu cadastro gratuito e receba o seu cart\u00e3o virtual. \u00c9 simples e r\u00e1pido! Escolha o meio mais f\u00e1cil para voc\u00ea e fale agora conosco!<\/p><\/div><\/div>\t\t\t\t<\/div>\n\t\t\t\t<\/div>\n\t\t\t\t<\/div>\n\t\t<div class=\"elementor-element elementor-element-56ac0667 e-con-full e-flex e-con e-child\" data-id=\"56ac0667\" data-element_type=\"container\">\n\t\t\t\t<div class=\"elementor-element elementor-element-216d0e28 elementor-widget elementor-widget-image\" data-id=\"216d0e28\" data-element_type=\"widget\" data-widget_type=\"image.default\">\n\t\t\t\t<div class=\"elementor-widget-container\">\n\t\t\t\t\t\t\t\t\t\t\t\t\t\t\t<img decoding=\"async\" width=\"1500\" height=\"1000\" src=\"https:\/\/proconsultprestomed.com.br\/wp-content\/uploads\/2023\/12\/retrato-de-executivo-de-atendimento-ao-cliente-trabalhando-no-escritorio.jpg\" class=\"attachment-full size-full wp-image-124\" alt=\"\" srcset=\"https:\/\/proconsultprestomed.com.br\/wp-content\/uploads\/2023\/12\/retrato-de-executivo-de-atendimento-ao-cliente-trabalhando-no-escritorio.jpg 1500w, https:\/\/proconsultprestomed.com.br\/wp-content\/uploads\/2023\/12\/retrato-de-executivo-de-atendimento-ao-cliente-trabalhando-no-escritorio-300x200.jpg 300w, https:\/\/proconsultprestomed.com.br\/wp-content\/uploads\/2023\/12\/retrato-de-executivo-de-atendimento-ao-cliente-trabalhando-no-escritorio-1024x683.jpg 1024w, https:\/\/proconsultprestomed.com.br\/wp-content\/uploads\/2023\/12\/retrato-de-executivo-de-atendimento-ao-cliente-trabalhando-no-escritorio-768x512.jpg 768w\" sizes=\"(max-width: 1500px) 100vw, 1500px\" \/>\t\t\t\t\t\t\t\t\t\t\t\t\t\t\t<\/div>\n\t\t\t\t<\/div>\n\t\t\t\t<div class=\"elementor-element elementor-element-3b04342e elementor-invisible elementor-widget elementor-widget-image-box\" data-id=\"3b04342e\" data-element_type=\"widget\" data-settings=\"{&quot;_animation&quot;:&quot;fadeInDown&quot;}\" data-widget_type=\"image-box.default\">\n\t\t\t\t<div class=\"elementor-widget-container\">\n\t\t\t\t\t<div class=\"elementor-image-box-wrapper\"><div class=\"elementor-image-box-content\"><h4 class=\"elementor-image-box-title\">AGENDE SUA CONSULTA<\/h4><p class=\"elementor-image-box-description\">Agende sua consulta ou exame de acordo com sua disponibilidade de dia e hor\u00e1rio utilizando nossa Central de agendamentos.\n\nVoc\u00ea escolhe o profissional ou a cl\u00ednica da nossa rede referenciada e realiza o pagamento de forma segura e conveniente atrav\u00e9s do nosso sistema online!\n<\/p><\/div><\/div>\t\t\t\t<\/div>\n\t\t\t\t<\/div>\n\t\t\t\t<\/div>\n\t\t<div class=\"elementor-element elementor-element-32173216 e-con-full e-flex e-con e-child\" data-id=\"32173216\" data-element_type=\"container\">\n\t\t\t\t<div class=\"elementor-element elementor-element-322c8e2e elementor-widget elementor-widget-image\" data-id=\"322c8e2e\" data-element_type=\"widget\" data-widget_type=\"image.default\">\n\t\t\t\t<div class=\"elementor-widget-container\">\n\t\t\t\t\t\t\t\t\t\t\t\t\t\t\t<img decoding=\"async\" width=\"1500\" height=\"1000\" src=\"https:\/\/proconsultprestomed.com.br\/wp-content\/uploads\/2023\/12\/medica-com-seu-paciente.jpg\" class=\"attachment-full size-full wp-image-125\" alt=\"\" srcset=\"https:\/\/proconsultprestomed.com.br\/wp-content\/uploads\/2023\/12\/medica-com-seu-paciente.jpg 1500w, https:\/\/proconsultprestomed.com.br\/wp-content\/uploads\/2023\/12\/medica-com-seu-paciente-300x200.jpg 300w, https:\/\/proconsultprestomed.com.br\/wp-content\/uploads\/2023\/12\/medica-com-seu-paciente-1024x683.jpg 1024w, https:\/\/proconsultprestomed.com.br\/wp-content\/uploads\/2023\/12\/medica-com-seu-paciente-768x512.jpg 768w\" sizes=\"(max-width: 1500px) 100vw, 1500px\" \/>\t\t\t\t\t\t\t\t\t\t\t\t\t\t\t<\/div>\n\t\t\t\t<\/div>\n\t\t\t\t<div class=\"elementor-element elementor-element-2704a84f elementor-invisible elementor-widget elementor-widget-image-box\" data-id=\"2704a84f\" data-element_type=\"widget\" data-settings=\"{&quot;_animation&quot;:&quot;fadeInDown&quot;}\" data-widget_type=\"image-box.default\">\n\t\t\t\t<div class=\"elementor-widget-container\">\n\t\t\t\t\t<div class=\"elementor-image-box-wrapper\"><div class=\"elementor-image-box-content\"><h4 class=\"elementor-image-box-title\">SEJA ATENDIDO<\/h4><p class=\"elementor-image-box-description\">Tudo pronto! Na data e hora marcada \u00e9 s\u00f3 voc\u00ea comparecer na cl\u00ednica ou consult\u00f3rio escolhido e apresentar a guia de encaminhamento que voc\u00ea recebe na etapa do agendamento.<\/p><\/div><\/div>\t\t\t\t<\/div>\n\t\t\t\t<\/div>\n\t\t\t\t<\/div>\n\t\t\t\t<\/div>\n\t\t\t\t<\/div>\n\t\t<div class=\"elementor-element elementor-element-78af297 e-flex e-con-boxed e-con e-parent\" data-id=\"78af297\" data-element_type=\"container\">\n\t\t\t\t\t<div class=\"e-con-inner\">\n\t\t\t\t<div class=\"elementor-element elementor-element-7c925fe elementor-widget elementor-widget-button\" data-id=\"7c925fe\" data-element_type=\"widget\" data-widget_type=\"button.default\">\n\t\t\t\t<div class=\"elementor-widget-container\">\n\t\t\t\t\t\t\t\t\t<div class=\"elementor-button-wrapper\">\n\t\t\t\t\t<a class=\"elementor-button elementor-button-link elementor-size-sm\" href=\"https:\/\/proconsultprestomed.com.br\/system\/cadastrar_cliente.php\" target=\"_blank\">\n\t\t\t\t\t\t<span class=\"elementor-button-content-wrapper\">\n\t\t\t\t\t\t\t\t\t<span class=\"elementor-button-text\">CLIQUE AQUI E FA\u00c7A SUA CARTEIRINHA PR\u00d3-CONSULT<\/span>\n\t\t\t\t\t<\/span>\n\t\t\t\t\t<\/a>\n\t\t\t\t<\/div>\n\t\t\t\t\t\t\t\t<\/div>\n\t\t\t\t<\/div>\n\t\t\t\t\t<\/div>\n\t\t\t\t<\/div>\n\t\t<div class=\"elementor-element elementor-element-8a2d073 e-flex e-con-boxed e-con e-parent\" data-id=\"8a2d073\" data-element_type=\"container\">\n\t\t\t\t\t<div class=\"e-con-inner\">\n\t\t\t\t<div class=\"elementor-element elementor-element-55fd50a elementor-widget elementor-widget-spacer\" data-id=\"55fd50a\" data-element_type=\"widget\" data-widget_type=\"spacer.default\">\n\t\t\t\t<div class=\"elementor-widget-container\">\n\t\t\t\t\t\t\t<div class=\"elementor-spacer\">\n\t\t\t<div class=\"elementor-spacer-inner\"><\/div>\n\t\t<\/div>\n\t\t\t\t\t\t<\/div>\n\t\t\t\t<\/div>\n\t\t\t\t\t<\/div>\n\t\t\t\t<\/div>\n\t\t<div class=\"elementor-element elementor-element-009c050 e-flex e-con-boxed e-con e-parent\" data-id=\"009c050\" data-element_type=\"container\">\n\t\t\t\t\t<div class=\"e-con-inner\">\n\t\t\t\t<div class=\"elementor-element elementor-element-235eae5 elementor-widget elementor-widget-video\" data-id=\"235eae5\" data-element_type=\"widget\" data-settings=\"{&quot;video_type&quot;:&quot;hosted&quot;,&quot;autoplay&quot;:&quot;yes&quot;,&quot;play_on_mobile&quot;:&quot;yes&quot;}\" data-widget_type=\"video.default\">\n\t\t\t\t<div class=\"elementor-widget-container\">\n\t\t\t\t\t\t\t<div class=\"e-hosted-video elementor-wrapper elementor-open-inline\">\n\t\t\t\t\t<video class=\"elementor-video\" src=\"https:\/\/proconsultprestomed.com.br\/wp-content\/uploads\/2023\/12\/WhatsApp-Video-2023-12-11-at-13.52.01-2.mp4\" autoplay=\"\" playsinline=\"\" controlsList=\"nodownload\"><\/video>\n\t\t\t\t<\/div>\n\t\t\t\t\t\t<\/div>\n\t\t\t\t<\/div>\n\t\t\t\t\t<\/div>\n\t\t\t\t<\/div>\n\t\t<div class=\"elementor-element elementor-element-8dfb97d e-flex e-con-boxed e-con e-parent\" data-id=\"8dfb97d\" data-element_type=\"container\">\n\t\t\t\t\t<div class=\"e-con-inner\">\n\t\t\t\t<div class=\"elementor-element elementor-element-b077040 elementor-widget elementor-widget-spacer\" data-id=\"b077040\" data-element_type=\"widget\" data-widget_type=\"spacer.default\">\n\t\t\t\t<div class=\"elementor-widget-container\">\n\t\t\t\t\t\t\t<div class=\"elementor-spacer\">\n\t\t\t<div class=\"elementor-spacer-inner\"><\/div>\n\t\t<\/div>\n\t\t\t\t\t\t<\/div>\n\t\t\t\t<\/div>\n\t\t\t\t\t<\/div>\n\t\t\t\t<\/div>\n\t\t\t\t<\/div>\n\t\t","protected":false},"excerpt":{"rendered":"<p>Acreditamosno Valor dasPessoas H\u00e1 mais de 30 anos cuidando da sua sa\u00fade CONVERSE COM NOSSA EQUIPE VALORES QUE NOS MOVEM 01 Miss\u00e3o Oferecer atendimento humanizado 02 Vis\u00e3o Ser refer\u00eancia de sa\u00fade em nossa regi\u00e3o 03 Valores _ Empatia &#8211; Respeito &#8211; \u00c9tica quem somos A PRESTOMED \u00e9 uma empresa que atua h\u00e1 30 anos em [&hellip;]<\/p>\n","protected":false},"author":1,"featured_media":0,"parent":0,"menu_order":0,"comment_status":"closed","ping_status":"closed","template":"","meta":{"site-sidebar-layout":"no-sidebar","site-content-layout":"","ast-site-content-layout":"full-width-container","site-content-style":"default","site-sidebar-style":"default","ast-global-header-display":"","ast-banner-title-visibility":"","ast-main-header-display":"","ast-hfb-above-header-display":"","ast-hfb-below-header-display":"","ast-hfb-mobile-header-display":"","site-post-title":"disabled","ast-breadcrumbs-content":"","ast-featured-img":"disabled","footer-sml-layout":"","theme-transparent-header-meta":"","adv-header-id-meta":"","stick-header-meta":"","header-above-stick-meta":"","header-main-stick-meta":"","header-below-stick-meta":"","astra-migrate-meta-layouts":"default","ast-page-background-enabled":"default","ast-page-background-meta":{"desktop":{"background-color":"var(--ast-global-color-4)","background-image":"","background-repeat":"repeat","background-position":"center center","background-size":"auto","background-attachment":"scroll","background-type":"","background-media":"","overlay-type":"","overlay-color":"","overlay-opacity":"","overlay-gradient":""},"tablet":{"background-color":"","background-image":"","background-repeat":"repeat","background-position":"center center","background-size":"auto","background-attachment":"scroll","background-type":"","background-media":"","overlay-type":"","overlay-color":"","overlay-opacity":"","overlay-gradient":""},"mobile":{"background-color":"","background-image":"","background-repeat":"repeat","background-position":"center center","background-size":"auto","background-attachment":"scroll","background-type":"","background-media":"","overlay-type":"","overlay-color":"","overlay-opacity":"","overlay-gradient":""}},"ast-content-background-meta":{"desktop":{"background-color":"var(--ast-global-color-5)","background-image":"","background-repeat":"repeat","background-position":"center center","background-size":"auto","background-attachment":"scroll","background-type":"","background-media":"","overlay-type":"","overlay-color":"","overlay-opacity":"","overlay-gradient":""},"tablet":{"background-color":"var(--ast-global-color-5)","background-image":"","background-repeat":"repeat","background-position":"center center","background-size":"auto","background-attachment":"scroll","background-type":"","background-media":"","overlay-type":"","overlay-color":"","overlay-opacity":"","overlay-gradient":""},"mobile":{"background-color":"var(--ast-global-color-5)","background-image":"","background-repeat":"repeat","background-position":"center center","background-size":"auto","background-attachment":"scroll","background-type":"","background-media":"","overlay-type":"","overlay-color":"","overlay-opacity":"","overlay-gradient":""}},"footnotes":""},"class_list":["post-52","page","type-page","status-publish","hentry"],"_links":{"self":[{"href":"https:\/\/proconsultprestomed.com.br\/index.php\/wp-json\/wp\/v2\/pages\/52","targetHints":{"allow":["GET"]}}],"collection":[{"href":"https:\/\/proconsultprestomed.com.br\/index.php\/wp-json\/wp\/v2\/pages"}],"about":[{"href":"https:\/\/proconsultprestomed.com.br\/index.php\/wp-json\/wp\/v2\/types\/page"}],"author":[{"embeddable":true,"href":"https:\/\/proconsultprestomed.com.br\/index.php\/wp-json\/wp\/v2\/users\/1"}],"replies":[{"embeddable":true,"href":"https:\/\/proconsultprestomed.com.br\/index.php\/wp-json\/wp\/v2\/comments?post=52"}],"version-history":[{"count":55,"href":"https:\/\/proconsultprestomed.com.br\/index.php\/wp-json\/wp\/v2\/pages\/52\/revisions"}],"predecessor-version":[{"id":787,"href":"https:\/\/proconsultprestomed.com.br\/index.php\/wp-json\/wp\/v2\/pages\/52\/revisions\/787"}],"wp:attachment":[{"href":"https:\/\/proconsultprestomed.com.br\/index.php\/wp-json\/wp\/v2\/media?parent=52"}],"curies":[{"name":"wp","href":"https:\/\/api.w.org\/{rel}","templated":true}]}}